{"id":315,"date":"2021-09-15T16:31:07","date_gmt":"2021-09-15T14:31:07","guid":{"rendered":"https:\/\/goldjunge.club\/shop\/?post_type=product&#038;p=315"},"modified":"2021-09-18T13:21:31","modified_gmt":"2021-09-18T11:21:31","slug":"gj-zip-hoodie","status":"publish","type":"product","link":"https:\/\/goldjunge.club\/shop\/produkt\/kollektionen\/herbst-winter-2021\/gj-zip-hoodie\/","title":{"rendered":"GJ ZIP HOODIE"},"content":{"rendered":"","protected":false},"excerpt":{"rendered":"<p>Unser Model ist 1,86 m gro\u00df und tr\u00e4gt Gr\u00f6\u00dfe XL<\/p>\n","protected":false},"featured_media":321,"template":"","meta":[],"product_cat":[32],"product_tag":[49,47,48,50],"_links":{"self":[{"href":"https:\/\/goldjunge.club\/shop\/wp-json\/wp\/v2\/product\/315"}],"collection":[{"href":"https:\/\/goldjunge.club\/shop\/wp-json\/wp\/v2\/product"}],"about":[{"href":"https:\/\/goldjunge.club\/shop\/wp-json\/wp\/v2\/types\/product"}],"wp:featuredmedia":[{"embeddable":true,"href":"https:\/\/goldjunge.club\/shop\/wp-json\/wp\/v2\/media\/321"}],"wp:attachment":[{"href":"https:\/\/goldjunge.club\/shop\/wp-json\/wp\/v2\/media?parent=315"}],"wp:term":[{"taxonomy":"product_cat","embeddable":true,"href":"https:\/\/goldjunge.club\/shop\/wp-json\/wp\/v2\/product_cat?post=315"},{"taxonomy":"product_tag","embeddable":true,"href":"https:\/\/goldjunge.club\/shop\/wp-json\/wp\/v2\/product_tag?post=315"}],"curies":[{"name":"wp","href":"https:\/\/api.w.org\/{rel}","templated":true}]}}