{"id":308,"date":"2021-09-15T16:28:28","date_gmt":"2021-09-15T14:28:28","guid":{"rendered":"https:\/\/goldjunge.club\/shop\/?post_type=product&#038;p=308"},"modified":"2021-09-18T13:28:44","modified_gmt":"2021-09-18T11:28:44","slug":"gj-seamless-sport-bh","status":"publish","type":"product","link":"https:\/\/goldjunge.club\/shop\/produkt\/kollektionen\/herbst-winter-2021\/gj-seamless-sport-bh\/","title":{"rendered":"GJ SEAMLESS SPORT BH"},"content":{"rendered":"","protected":false},"excerpt":{"rendered":"<p>Unser Model ist 1,67 m gro\u00df und tr\u00e4gt Gr\u00f6\u00dfe M<\/p>\n","protected":false},"featured_media":313,"template":"","meta":[],"product_cat":[32],"product_tag":[49,46,47,48],"_links":{"self":[{"href":"https:\/\/goldjunge.club\/shop\/wp-json\/wp\/v2\/product\/308"}],"collection":[{"href":"https:\/\/goldjunge.club\/shop\/wp-json\/wp\/v2\/product"}],"about":[{"href":"https:\/\/goldjunge.club\/shop\/wp-json\/wp\/v2\/types\/product"}],"wp:featuredmedia":[{"embeddable":true,"href":"https:\/\/goldjunge.club\/shop\/wp-json\/wp\/v2\/media\/313"}],"wp:attachment":[{"href":"https:\/\/goldjunge.club\/shop\/wp-json\/wp\/v2\/media?parent=308"}],"wp:term":[{"taxonomy":"product_cat","embeddable":true,"href":"https:\/\/goldjunge.club\/shop\/wp-json\/wp\/v2\/product_cat?post=308"},{"taxonomy":"product_tag","embeddable":true,"href":"https:\/\/goldjunge.club\/shop\/wp-json\/wp\/v2\/product_tag?post=308"}],"curies":[{"name":"wp","href":"https:\/\/api.w.org\/{rel}","templated":true}]}}