{"id":301,"date":"2021-09-15T16:24:24","date_gmt":"2021-09-15T14:24:24","guid":{"rendered":"https:\/\/goldjunge.club\/shop\/?post_type=product&#038;p=301"},"modified":"2021-09-18T13:23:06","modified_gmt":"2021-09-18T11:23:06","slug":"gj-regular-fit","status":"publish","type":"product","link":"https:\/\/goldjunge.club\/shop\/produkt\/kollektionen\/herbst-winter-2021\/gj-regular-fit\/","title":{"rendered":"GJ REGULAR FIT"},"content":{"rendered":"","protected":false},"excerpt":{"rendered":"<p>Unser Model ist 1,86 m gro\u00df und tr\u00e4gt Gr\u00f6\u00dfe L<\/p>\n","protected":false},"featured_media":305,"template":"","meta":[],"product_cat":[32],"product_tag":[49,47,48,50],"_links":{"self":[{"href":"https:\/\/goldjunge.club\/shop\/wp-json\/wp\/v2\/product\/301"}],"collection":[{"href":"https:\/\/goldjunge.club\/shop\/wp-json\/wp\/v2\/product"}],"about":[{"href":"https:\/\/goldjunge.club\/shop\/wp-json\/wp\/v2\/types\/product"}],"wp:featuredmedia":[{"embeddable":true,"href":"https:\/\/goldjunge.club\/shop\/wp-json\/wp\/v2\/media\/305"}],"wp:attachment":[{"href":"https:\/\/goldjunge.club\/shop\/wp-json\/wp\/v2\/media?parent=301"}],"wp:term":[{"taxonomy":"product_cat","embeddable":true,"href":"https:\/\/goldjunge.club\/shop\/wp-json\/wp\/v2\/product_cat?post=301"},{"taxonomy":"product_tag","embeddable":true,"href":"https:\/\/goldjunge.club\/shop\/wp-json\/wp\/v2\/product_tag?post=301"}],"curies":[{"name":"wp","href":"https:\/\/api.w.org\/{rel}","templated":true}]}}