{"id":285,"date":"2021-09-15T16:12:08","date_gmt":"2021-09-15T14:12:08","guid":{"rendered":"https:\/\/goldjunge.club\/shop\/?post_type=product&#038;p=285"},"modified":"2021-09-17T15:20:17","modified_gmt":"2021-09-17T13:20:17","slug":"gj-plain-hoodie-male","status":"publish","type":"product","link":"https:\/\/goldjunge.club\/shop\/produkt\/kollektionen\/herbst-winter-2021\/gj-plain-hoodie-male\/","title":{"rendered":"GJ PLAIN HOODIE \/\/ MALE"},"content":{"rendered":"","protected":false},"excerpt":{"rendered":"<p>Unser Model ist 1,86 m gro\u00df und tr\u00e4gt Gr\u00f6\u00dfe XL<\/p>\n","protected":false},"featured_media":292,"template":"","meta":[],"product_cat":[32],"product_tag":[49,47,48,50],"_links":{"self":[{"href":"https:\/\/goldjunge.club\/shop\/wp-json\/wp\/v2\/product\/285"}],"collection":[{"href":"https:\/\/goldjunge.club\/shop\/wp-json\/wp\/v2\/product"}],"about":[{"href":"https:\/\/goldjunge.club\/shop\/wp-json\/wp\/v2\/types\/product"}],"wp:featuredmedia":[{"embeddable":true,"href":"https:\/\/goldjunge.club\/shop\/wp-json\/wp\/v2\/media\/292"}],"wp:attachment":[{"href":"https:\/\/goldjunge.club\/shop\/wp-json\/wp\/v2\/media?parent=285"}],"wp:term":[{"taxonomy":"product_cat","embeddable":true,"href":"https:\/\/goldjunge.club\/shop\/wp-json\/wp\/v2\/product_cat?post=285"},{"taxonomy":"product_tag","embeddable":true,"href":"https:\/\/goldjunge.club\/shop\/wp-json\/wp\/v2\/product_tag?post=285"}],"curies":[{"name":"wp","href":"https:\/\/api.w.org\/{rel}","templated":true}]}}