{"id":249,"date":"2021-09-15T12:24:02","date_gmt":"2021-09-15T10:24:02","guid":{"rendered":"https:\/\/goldjunge.club\/shop\/?post_type=product&#038;p=249"},"modified":"2021-09-18T13:30:31","modified_gmt":"2021-09-18T11:30:31","slug":"gj-basic-shirt-female","status":"publish","type":"product","link":"https:\/\/goldjunge.club\/shop\/produkt\/kollektionen\/herbst-winter-2021\/gj-basic-shirt-female\/","title":{"rendered":"GJ BASIC SHIRT \/\/ FEMALE"},"content":{"rendered":"","protected":false},"excerpt":{"rendered":"<p><em>Unser Model ist 1,67 m gro\u00df und tr\u00e4gt Gr\u00f6\u00dfe M<\/em><\/p>\n","protected":false},"featured_media":253,"template":"","meta":[],"product_cat":[32],"product_tag":[49,46,47,48],"_links":{"self":[{"href":"https:\/\/goldjunge.club\/shop\/wp-json\/wp\/v2\/product\/249"}],"collection":[{"href":"https:\/\/goldjunge.club\/shop\/wp-json\/wp\/v2\/product"}],"about":[{"href":"https:\/\/goldjunge.club\/shop\/wp-json\/wp\/v2\/types\/product"}],"wp:featuredmedia":[{"embeddable":true,"href":"https:\/\/goldjunge.club\/shop\/wp-json\/wp\/v2\/media\/253"}],"wp:attachment":[{"href":"https:\/\/goldjunge.club\/shop\/wp-json\/wp\/v2\/media?parent=249"}],"wp:term":[{"taxonomy":"product_cat","embeddable":true,"href":"https:\/\/goldjunge.club\/shop\/wp-json\/wp\/v2\/product_cat?post=249"},{"taxonomy":"product_tag","embeddable":true,"href":"https:\/\/goldjunge.club\/shop\/wp-json\/wp\/v2\/product_tag?post=249"}],"curies":[{"name":"wp","href":"https:\/\/api.w.org\/{rel}","templated":true}]}}