{"id":235,"date":"2021-09-15T00:45:15","date_gmt":"2021-09-14T22:45:15","guid":{"rendered":"https:\/\/goldjunge.club\/shop\/?post_type=product&#038;p=235"},"modified":"2021-09-18T13:26:07","modified_gmt":"2021-09-18T11:26:07","slug":"gj-basic-shirt-male","status":"publish","type":"product","link":"https:\/\/goldjunge.club\/shop\/produkt\/kollektionen\/herbst-winter-2021\/gj-basic-shirt-male\/","title":{"rendered":"GJ BASIC SHIRT \/\/ MALE"},"content":{"rendered":"","protected":false},"excerpt":{"rendered":"<p><em>Unser Model ist 1,86 m gro\u00df und tr\u00e4gt Gr\u00f6\u00dfe XL<\/em><\/p>\n","protected":false},"featured_media":248,"template":"","meta":[],"product_cat":[32],"product_tag":[49,47,48,50],"_links":{"self":[{"href":"https:\/\/goldjunge.club\/shop\/wp-json\/wp\/v2\/product\/235"}],"collection":[{"href":"https:\/\/goldjunge.club\/shop\/wp-json\/wp\/v2\/product"}],"about":[{"href":"https:\/\/goldjunge.club\/shop\/wp-json\/wp\/v2\/types\/product"}],"wp:featuredmedia":[{"embeddable":true,"href":"https:\/\/goldjunge.club\/shop\/wp-json\/wp\/v2\/media\/248"}],"wp:attachment":[{"href":"https:\/\/goldjunge.club\/shop\/wp-json\/wp\/v2\/media?parent=235"}],"wp:term":[{"taxonomy":"product_cat","embeddable":true,"href":"https:\/\/goldjunge.club\/shop\/wp-json\/wp\/v2\/product_cat?post=235"},{"taxonomy":"product_tag","embeddable":true,"href":"https:\/\/goldjunge.club\/shop\/wp-json\/wp\/v2\/product_tag?post=235"}],"curies":[{"name":"wp","href":"https:\/\/api.w.org\/{rel}","templated":true}]}}