{"id":8,"date":"2019-10-07T15:48:26","date_gmt":"2019-10-07T13:48:26","guid":{"rendered":"https:\/\/goldjunge.club\/shop\/impressum\/"},"modified":"2021-09-18T13:51:38","modified_gmt":"2021-09-18T11:51:38","slug":"impressum","status":"publish","type":"page","link":"https:\/\/goldjunge.club\/shop\/impressum\/","title":{"rendered":"Impressum"},"content":{"rendered":"<p>[vc_row][vc_column][vc_column_text]<\/p>\n<h5 style=\"font-family: 'Archivo';\">Angaben gem\u00e4\u00df \u00a7 5 TMG:<\/h5>\n<p>GOLDJUNGE FITNESSCLUB<br \/>\nLichtenbergerstr. 26<br \/>\n71720 Oberstenfeld<\/p>\n<p>USt.-Id: DE311113002<\/p>\n<h5 style=\"font-family: 'Archivo';\">Vertreten durch<\/h5>\n<p>Zafer Kalafat<\/p>\n<h5 style=\"font-family: 'Archivo';\">Kontakt<\/h5>\n<p>Telefon: 07062 976 4890<br \/>\nE-Mail: info@goldjunge.club<\/p>\n<h5 style=\"font-family: 'Archivo';\">Nutzungsbedingungen<\/h5>\n<p>Durch den Zugriff und Gebrauch dieser Website erkennst du die Nutzungsbedingungen und Datenschutzerkl\u00e4rung von GOLDJUNGE als verbindlich an. Willst du diesen Bedingungen nicht zustimmen, nutze diese Website bitte nicht weiter.<\/p>\n<h5 style=\"font-family: 'Archivo';\">Haftung f\u00fcr Inhalte<\/h5>\n<p>Als Diensteanbieter sind wir gem\u00e4\u00df \u00a7 7 Abs.1 TMG f\u00fcr eigene Inhalte auf diesen Seiten nach den allgemeinen Gesetzen verantwortlich. Nach \u00a7\u00a7 8 bis 10 TMG sind wir als Diensteanbieter jedoch nicht verpflichtet, \u00fcbermittelte oder gespeicherte fremde Informationen zu \u00fcberwachen oder nach Umst\u00e4nden zu forschen, die auf eine rechtswidrige T\u00e4tigkeit hinweisen. Verpflichtungen zur Entfernung oder Sperrung der Nutzung von Informationen nach den allgemeinen Gesetzen bleiben hiervon unber\u00fchrt. Eine diesbez\u00fcgliche Haftung ist jedoch erst ab dem Zeitpunkt der Kenntnis einer konkreten Rechtsverletzung m\u00f6glich. Bei Bekanntwerden von entsprechenden Rechtsverletzungen werden wir diese Inhalte umgehend entfernen.<\/p>\n<h5 style=\"font-family: 'Archivo';\">Haftung f\u00fcr Links<\/h5>\n<p>Unser Angebot enth\u00e4lt Links zu externen Webseiten Dritter, auf deren Inhalte wir keinen Einfluss haben. Deshalb k\u00f6nnen wir f\u00fcr diese fremden Inhalte auch keine Gew\u00e4hr \u00fcbernehmen. F\u00fcr die Inhalte der verlinkten Seiten ist stets der jeweilige Anbieter oder Betreiber der Seiten verantwortlich. Die verlinkten Seiten wurden zum Zeitpunkt der Verlinkung auf m\u00f6gliche Rechtsverst\u00f6\u00dfe \u00fcberpr\u00fcft. Rechtswidrige Inhalte waren zum Zeitpunkt der Verlinkung nicht erkennbar. Eine permanente inhaltliche Kontrolle der verlinkten Seiten ist jedoch ohne konkrete Anhaltspunkte einer Rechtsverletzung nicht zumutbar. Bei Bekanntwerden von Rechtsverletzungen werden wir derartige Links umgehend entfernen.<\/p>\n<h5 style=\"font-family: 'Archivo';\">Urheberrecht<\/h5>\n<p>Die durch die Seitenbetreiber erstellten Inhalte und Werke auf diesen Seiten unterliegen dem deutschen Urheberrecht. Die Vervielf\u00e4ltigung, Bearbeitung, Verbreitung und jede Art der Verwertung au\u00dferhalb der Grenzen des Urheberrechtes bed\u00fcrfen der schriftlichen Zustimmung des jeweiligen Autors bzw. Erstellers. Alle Markenzeichen auf dieser Website sind markenrechtlich von der Goldjunge Fitnessclub gesch\u00fctzt. Marken und Logos d\u00fcrfen ohne vorherige schriftliche Genehmigung seitens der Goldjunge Fitnessclub zu keinem Zweck benutzt, kopiert, ver\u00e4ndert, ver\u00f6ffentlicht oder verteilt werden. Grafische und textliche Inhalte auf dieser Website sind ebenso urheberrechtlich gesch\u00fctzt. Alle auf der Website zug\u00e4nglichen Daten und Dienste dienen ausschlie\u00dflich zur Information unserer Kunden. Soweit die Inhalte auf dieser Seite nicht vom Betreiber erstellt wurden, werden die Urheberrechte Dritter beachtet. Insbesondere werden Inhalte Dritter als solche gekennzeichnet. Sollten Sie trotzdem auf eine Urheberrechtsverletzung aufmerksam werden, bitten wir um einen entsprechenden Hinweis. Bei Bekanntwerden von Rechtsverletzungen werden wir derartige Inhalte umgehend entfernen. Diese Website wurde mit gr\u00f6\u00dftm\u00f6glicher Sorgfalt zusammengestellt und wird jederzeit aktualisiert. Trotz gr\u00f6\u00dfter Sorgfalt k\u00f6nnen sich die Daten bereits ver\u00e4ndert haben. Die Goldjunge Fitnessclub \u00fcbernimmt keine Verantwortung oder Haftung f\u00fcr die Angaben auf dieser Website. Sofern von dieser Website auf andere verwiesen wird mittels Hyperlink, die von Dritten betrieben werden, \u00fcbernimmt die Goldjunge Fitnessclub keine Verantwortung und Haftung f\u00fcr deren Inhalt. Die Nutzug erfolgt auf eigenes Risiko. Medieninhaber und Herausgeber von Les Mills Logos und Bildmaterial: LES MILLS Germany GmbH und LES MILLS Austria GmbH. ZUMBA\u00ae und die Logos von Zumba Fitness sind Markenzeichen von Zumba Fitness, LLC.<\/p>\n<h5 style=\"font-family: 'Archivo';\">Verbraucher-Streitbeilegungsgesetz<\/h5>\n<p>Gem\u00e4\u00df \u00a7 36 Verbraucher-Streitbeilegungsgesetz wird hiermit \u00fcber die M\u00f6glichkeit des Streitbeilegungsverfahrens f\u00fcr Verbraucher informiert. Die Goldjunge Fitnessclub, Lichtenbergstr. 26, 71720 Oberstenfeld nimmt nicht an solchen au\u00dfergerichtlichen Streitschlichtungsverfahren teil und ist hierzu auch nicht gesetzlich verpflichtet.<\/p>\n<hr \/>\n<p>[\/vc_column_text][vc_column_text]<\/p>\n<h5 style=\"font-family: 'Archivo';\">Umsetzung &amp; Programmierung<\/h5>\n<p><img style=\"width: 175px;\" src=\"\/shop\/wp-content\/uploads\/2020\/07\/Cumart_Marketing_lila_emblem-1.png\" \/><\/p>\n<p><a href=\"https:\/\/cumart.marketing\" target=\"_blank\" rel=\"noopener\">www.cumart.marketing<\/a><\/p>\n<p>[\/vc_column_text][\/vc_column][\/vc_row]<\/p>\n","protected":false},"excerpt":{"rendered":"<p>[vc_row][vc_column][vc_column_text] Angaben gem\u00e4\u00df \u00a7 5 TMG: GOLDJUNGE FITNESSCLUB Lichtenbergerstr. 26 71720 Oberstenfeld USt.-Id: DE311113002 Vertreten durch Zafer Kalafat Kontakt Telefon: 07062 976 4890 E-Mail: info@goldjunge.club Nutzungsbedingungen Durch den Zugriff und Gebrauch dieser Website erkennst du die Nutzungsbedingungen und Datenschutzerkl\u00e4rung von GOLDJUNGE als verbindlich an. Willst du diesen Bedingungen nicht zustimmen, nutze diese Website bitte nicht [&hellip;]<\/p>\n","protected":false},"author":1,"featured_media":0,"parent":0,"menu_order":0,"comment_status":"closed","ping_status":"closed","template":"","meta":[],"_links":{"self":[{"href":"https:\/\/goldjunge.club\/shop\/wp-json\/wp\/v2\/pages\/8"}],"collection":[{"href":"https:\/\/goldjunge.club\/shop\/wp-json\/wp\/v2\/pages"}],"about":[{"href":"https:\/\/goldjunge.club\/shop\/wp-json\/wp\/v2\/types\/page"}],"author":[{"embeddable":true,"href":"https:\/\/goldjunge.club\/shop\/wp-json\/wp\/v2\/users\/1"}],"replies":[{"embeddable":true,"href":"https:\/\/goldjunge.club\/shop\/wp-json\/wp\/v2\/comments?post=8"}],"version-history":[{"count":6,"href":"https:\/\/goldjunge.club\/shop\/wp-json\/wp\/v2\/pages\/8\/revisions"}],"predecessor-version":[{"id":362,"href":"https:\/\/goldjunge.club\/shop\/wp-json\/wp\/v2\/pages\/8\/revisions\/362"}],"wp:attachment":[{"href":"https:\/\/goldjunge.club\/shop\/wp-json\/wp\/v2\/media?parent=8"}],"curies":[{"name":"wp","href":"https:\/\/api.w.org\/{rel}","templated":true}]}}